


{"id":2433,"date":"2023-06-16T14:43:08","date_gmt":"2023-06-16T14:43:08","guid":{"rendered":"https:\/\/www.peakpunk.com\/?page_id=2433"},"modified":"2023-07-05T08:22:07","modified_gmt":"2023-07-05T06:22:07","slug":"impressum","status":"publish","type":"page","link":"https:\/\/www.peakpunk.com\/fr\/impressum\/","title":{"rendered":"Mentions l\u00e9gales"},"content":{"rendered":"<div data-elementor-type=\"wp-page\" data-elementor-id=\"2433\" class=\"elementor elementor-2433\" data-elementor-post-type=\"page\">\n\t\t\t\t<div class=\"elementor-element elementor-element-c691ae2 e-flex e-con-boxed e-con e-parent\" data-id=\"c691ae2\" data-element_type=\"container\" data-e-type=\"container\">\n\t\t\t\t\t<div class=\"e-con-inner\">\n\t\t\t\t<div class=\"elementor-element elementor-element-8cb1a7d elementor-widget elementor-widget-text-editor\" data-id=\"8cb1a7d\" data-element_type=\"widget\" data-e-type=\"widget\" data-widget_type=\"text-editor.default\">\n\t\t\t\t<div class=\"elementor-widget-container\">\n\t\t\t\t\t\t\t\t\t<h2>DISTRIBUTION EN SUISSE (SI\u00c8GE PRINCIPAL)<\/h2>\n<p>Fruver AG<br>22, rue du Parc<br>CH-5012 Sch\u00f6nenwerd<br><a href=\"tel:+41 62 849 57 57\">T +41 62 849 57 57<\/a><br>F +41 62 849 33 89<\/p><p><br><\/p>\n<h2><strong>EUROPA<\/strong><\/h2>\n<p>FRUVER INTERNATIONAL GMBH<br>11, rue de la Tour<br>D-78457 Constance<br><a href=\"tel: +49 7531 584 81 64\">T +49 7531 584 81 64<\/a><\/p>\n<p><a href=\"mailto:sayhi@peakpunk.com\">sayhi@peakpunk.com<\/a><\/p>\n<p>Personnes habilit\u00e9es \u00e0 repr\u00e9senter l'association :<br>Roger Wehrli<br>Thomas K\u00fcnzler<\/p><p><br><\/p>\n<h2>Clause de non-responsabilit\u00e9<\/h2>\n<p>L'auteur n'assume aucune responsabilit\u00e9 quant \u00e0 l'exactitude, la pr\u00e9cision, l'actualit\u00e9, la fiabilit\u00e9 et l'exhaustivit\u00e9 du contenu des informations. L'auteur ne saurait \u00eatre tenu pour responsable des dommages mat\u00e9riels ou immat\u00e9riels qui pourraient \u00eatre caus\u00e9s par l'acc\u00e8s aux informations diffus\u00e9es ou par leur utilisation ou non-utilisation, par le mauvais usage de la connexion ou par des probl\u00e8mes techniques. Toutes les offres sont sans engagement. L'auteur se r\u00e9serve express\u00e9ment le droit de modifier, de compl\u00e9ter ou de supprimer des parties de pages ou l'ensemble de l'offre sans avis pr\u00e9alable, ou d'en suspendre temporairement ou d\u00e9finitivement la publication.<\/p><p><br><\/p>\n<h2>Droits d'auteur<\/h2>\n<p>Les droits d'auteur et tous les autres droits relatifs aux contenus, images, photos ou autres fichiers figurant sur le site web appartiennent exclusivement \u00e0 la soci\u00e9t\u00e9 FRUVER AG ou aux titulaires de droits sp\u00e9cialement cit\u00e9s. Pour la reproduction de tout \u00e9l\u00e9ment, l'accord \u00e9crit des d\u00e9tenteurs des droits d'auteur doit \u00eatre obtenu au pr\u00e9alable.<\/p>\t\t\t\t\t\t\t\t<\/div>\n\t\t\t\t<\/div>\n\t\t\t\t\t<\/div>\n\t\t\t\t<\/div>\n\t\t\t\t<\/div>","protected":false},"excerpt":{"rendered":"<p>VERTRIEB SCHWEIZ (HAUPTSITZ) Fruver AGParkstrasse 22CH-5012 Sch\u00f6nenwerdT +41 62 849 57 57F +41 62 849 33 89 EUROPA FRUVER INTERNATIONAL GMBHTurmstrasse 11D-78457 KonstanzT +49 7531 584 81 64 sayhi@peakpunk.com Vertretungsberechtigte Personen:Roger WehrliThomas K\u00fcnzler Haftungsausschluss Der Autor \u00fcbernimmt keinerlei Gew\u00e4hr hinsichtlich der inhaltlichen Richtigkeit, Genauigkeit, Aktualit\u00e4t, Zuverl\u00e4ssigkeit und Vollst\u00e4ndigkeit der Informationen. Haftungsanspr\u00fcche gegen den Autor wegen [&hellip;]<\/p>\n","protected":false},"author":1,"featured_media":0,"parent":0,"menu_order":0,"comment_status":"closed","ping_status":"closed","template":"elementor_theme","meta":{"_acf_changed":false,"footnotes":""},"class_list":["post-2433","page","type-page","status-publish","hentry"],"acf":[],"_links":{"self":[{"href":"https:\/\/www.peakpunk.com\/fr\/wp-json\/wp\/v2\/pages\/2433","targetHints":{"allow":["GET"]}}],"collection":[{"href":"https:\/\/www.peakpunk.com\/fr\/wp-json\/wp\/v2\/pages"}],"about":[{"href":"https:\/\/www.peakpunk.com\/fr\/wp-json\/wp\/v2\/types\/page"}],"author":[{"embeddable":true,"href":"https:\/\/www.peakpunk.com\/fr\/wp-json\/wp\/v2\/users\/1"}],"replies":[{"embeddable":true,"href":"https:\/\/www.peakpunk.com\/fr\/wp-json\/wp\/v2\/comments?post=2433"}],"version-history":[{"count":0,"href":"https:\/\/www.peakpunk.com\/fr\/wp-json\/wp\/v2\/pages\/2433\/revisions"}],"wp:attachment":[{"href":"https:\/\/www.peakpunk.com\/fr\/wp-json\/wp\/v2\/media?parent=2433"}],"curies":[{"name":"wp","href":"https:\/\/api.w.org\/{rel}","templated":true}]}}