


{"id":13476,"date":"2023-06-22T13:01:07","date_gmt":"2023-06-22T11:01:07","guid":{"rendered":"https:\/\/www.peakpunk.com\/?page_id=13476"},"modified":"2025-06-13T12:23:53","modified_gmt":"2025-06-13T10:23:53","slug":"subscriber","status":"publish","type":"page","link":"https:\/\/www.peakpunk.com\/fr\/subscriber\/","title":{"rendered":"Abonn\u00e9"},"content":{"rendered":"<div data-elementor-type=\"wp-page\" data-elementor-id=\"13476\" class=\"elementor elementor-13476\" data-elementor-post-type=\"page\">\n\t\t\t\t<div class=\"elementor-element elementor-element-07622d0 e-flex e-con-boxed e-con e-parent\" data-id=\"07622d0\" data-element_type=\"container\" data-e-type=\"container\" data-settings=\"{&quot;background_background&quot;:&quot;classic&quot;}\">\n\t\t\t\t\t<div class=\"e-con-inner\">\n\t\t<div class=\"elementor-element elementor-element-c1c7d89 e-con-full e-flex e-con e-child\" data-id=\"c1c7d89\" data-element_type=\"container\" data-e-type=\"container\">\n\t\t\t\t<div class=\"elementor-element elementor-element-259cc8f elementor-widget elementor-widget-heading\" data-id=\"259cc8f\" data-element_type=\"widget\" data-e-type=\"widget\" data-widget_type=\"heading.default\">\n\t\t\t\t<div class=\"elementor-widget-container\">\n\t\t\t\t\t<h1 class=\"elementor-heading-title elementor-size-default\">10.- POUR TOI<br>CODE DE R\u00c9DUCTION : YESBABY<\/h1>\t\t\t\t<\/div>\n\t\t\t\t<\/div>\n\t\t\t\t<\/div>\n\t\t<div class=\"elementor-element elementor-element-dc1d831 e-con-full e-flex e-con e-child\" data-id=\"dc1d831\" data-element_type=\"container\" data-e-type=\"container\">\n\t\t<div class=\"elementor-element elementor-element-60e2594 e-con-full e-flex e-con e-child\" data-id=\"60e2594\" data-element_type=\"container\" data-e-type=\"container\">\n\t\t\t\t<div class=\"elementor-element elementor-element-edf6d24 elementor-widget elementor-widget-text-editor\" data-id=\"edf6d24\" data-element_type=\"widget\" data-e-type=\"widget\" data-widget_type=\"text-editor.default\">\n\t\t\t\t<div class=\"elementor-widget-container\">\n\t\t\t\t\t\t\t\t\t<ul><li>Fantastique ! Ton code de r\u00e9duction est <span style=\"text-decoration: underline;\">YesBaby<\/span><\/li><li>Important : tu dois \u00eatre inscrit lors de l'achat avec la m\u00eame adresse e-mail que celle utilis\u00e9e pour la newsletter. Si tu n'as pas encore de compte de boutique, tu peux en cr\u00e9er un tr\u00e8s rapidement ici : <span style=\"text-decoration: underline;\"><span style=\"text-decoration: underline;\"><a href=\"https:\/\/www.peakpunk.com\/fr\/mein-konto\/\">S'inscrire<\/a><\/span><\/span><p><span style=\"text-decoration: underline;\"><br \/>Important :<\/span><\/p><\/li><li>Le code promotionnel est applicable sur la page de caisse<\/li><li>Le bon n'est utilisable qu'une seule fois<\/li><li>Le montant minimum d'achat est de 50 euros.<\/li><\/ul>\t\t\t\t\t\t\t\t<\/div>\n\t\t\t\t<\/div>\n\t\t\t\t<\/div>\n\t\t\t\t<\/div>\n\t\t\t\t\t<\/div>\n\t\t\t\t<\/div>\n\t\t<div class=\"elementor-element elementor-element-42df75b e-con-full e-flex e-con e-parent\" data-id=\"42df75b\" data-element_type=\"container\" data-e-type=\"container\" data-settings=\"{&quot;background_background&quot;:&quot;classic&quot;}\">\n\t\t\t\t<\/div>\n\t\t\t\t<\/div>","protected":false},"excerpt":{"rendered":"<p>10.\u2013 F\u00dcR DICH.RABATTCODE: YESBABY Fantastisch! Dein Rabattcode lautet: YesBaby Wichtig: Du musst beim Kauf mit der gleichen E-Mail Adresse wie im Newsletter angemeldet sein. Falls du noch kein Shop-Konto hast, kannst du es hier ganz schnell erstellen: Registrieren Wichtig: Der Gutscheincode ist auf der Kassen-Seite anwendbar Der Gutschein ist nur einmal anwendbar Der Mindesteinkauf betr\u00e4gt [&hellip;]<\/p>\n","protected":false},"author":1,"featured_media":0,"parent":0,"menu_order":0,"comment_status":"closed","ping_status":"closed","template":"elementor_theme","meta":{"_acf_changed":false,"footnotes":""},"class_list":["post-13476","page","type-page","status-publish","hentry"],"acf":[],"_links":{"self":[{"href":"https:\/\/www.peakpunk.com\/fr\/wp-json\/wp\/v2\/pages\/13476","targetHints":{"allow":["GET"]}}],"collection":[{"href":"https:\/\/www.peakpunk.com\/fr\/wp-json\/wp\/v2\/pages"}],"about":[{"href":"https:\/\/www.peakpunk.com\/fr\/wp-json\/wp\/v2\/types\/page"}],"author":[{"embeddable":true,"href":"https:\/\/www.peakpunk.com\/fr\/wp-json\/wp\/v2\/users\/1"}],"replies":[{"embeddable":true,"href":"https:\/\/www.peakpunk.com\/fr\/wp-json\/wp\/v2\/comments?post=13476"}],"version-history":[{"count":12,"href":"https:\/\/www.peakpunk.com\/fr\/wp-json\/wp\/v2\/pages\/13476\/revisions"}],"predecessor-version":[{"id":21489,"href":"https:\/\/www.peakpunk.com\/fr\/wp-json\/wp\/v2\/pages\/13476\/revisions\/21489"}],"wp:attachment":[{"href":"https:\/\/www.peakpunk.com\/fr\/wp-json\/wp\/v2\/media?parent=13476"}],"curies":[{"name":"wp","href":"https:\/\/api.w.org\/{rel}","templated":true}]}}