


{"id":2433,"date":"2023-06-16T14:43:08","date_gmt":"2023-06-16T14:43:08","guid":{"rendered":"https:\/\/www.peakpunk.com\/?page_id=2433"},"modified":"2023-07-05T08:22:07","modified_gmt":"2023-07-05T06:22:07","slug":"impressum","status":"publish","type":"page","link":"https:\/\/www.peakpunk.com\/en\/impressum\/","title":{"rendered":"Imprint"},"content":{"rendered":"<div data-elementor-type=\"wp-page\" data-elementor-id=\"2433\" class=\"elementor elementor-2433\" data-elementor-post-type=\"page\">\n\t\t\t\t<div class=\"elementor-element elementor-element-c691ae2 e-flex e-con-boxed e-con e-parent\" data-id=\"c691ae2\" data-element_type=\"container\" data-e-type=\"container\">\n\t\t\t\t\t<div class=\"e-con-inner\">\n\t\t\t\t<div class=\"elementor-element elementor-element-8cb1a7d elementor-widget elementor-widget-text-editor\" data-id=\"8cb1a7d\" data-element_type=\"widget\" data-e-type=\"widget\" data-widget_type=\"text-editor.default\">\n\t\t\t\t<div class=\"elementor-widget-container\">\n\t\t\t\t\t\t\t\t\t<h2>DISTRIBUTION SWITZERLAND (HEADQUARTERS)<\/h2>\n<p>Fruver AG<br>Parkstrasse 22<br>CH-5012 Sch\u00f6nenwerd<br><a href=\"tel:+41 62 849 57 57\">T +41 62 849 57 57<\/a><br>F +41 62 849 33 89<\/p><p><br><\/p>\n<h2><strong>EUROPE<\/strong><\/h2>\n<p>FRUVER INTERNATIONAL GMBH<br>Tower Street 11<br>D-78457 Constance<br><a href=\"tel: +49 7531 584 81 64\">T +49 7531 584 81 64<\/a><\/p>\n<p><a href=\"mailto:sayhi@peakpunk.com\">sayhi@peakpunk.com<\/a><\/p>\n<p>Authorized representatives:<br>Roger Wehrli<br>Thomas K\u00fcnzler<\/p><p><br><\/p>\n<h2>Disclaimer<\/h2>\n<p>The author assumes no responsibility for the correctness, accuracy, timeliness, reliability and completeness of the information. Liability claims regarding damage caused by the use of any information provided, including any kind of information which is incomplete or incorrect, will therefore be rejected. All offers are non-binding. The author expressly reserves the right to change, supplement or delete parts of the pages or the entire offer without prior notice or to discontinue publication temporarily or permanently.<\/p><p><br><\/p>\n<h2>Copyrights<\/h2>\n<p>The copyrights and all other rights to the content, images, photos or other files on the website belong exclusively to the company FRUVER AG or the specifically named rights holders. For the reproduction of any elements, the written consent of the copyright holders must be obtained in advance.<\/p>\t\t\t\t\t\t\t\t<\/div>\n\t\t\t\t<\/div>\n\t\t\t\t\t<\/div>\n\t\t\t\t<\/div>\n\t\t\t\t<\/div>","protected":false},"excerpt":{"rendered":"<p>VERTRIEB SCHWEIZ (HAUPTSITZ) Fruver AGParkstrasse 22CH-5012 Sch\u00f6nenwerdT +41 62 849 57 57F +41 62 849 33 89 EUROPA FRUVER INTERNATIONAL GMBHTurmstrasse 11D-78457 KonstanzT +49 7531 584 81 64 sayhi@peakpunk.com Vertretungsberechtigte Personen:Roger WehrliThomas K\u00fcnzler Haftungsausschluss Der Autor \u00fcbernimmt keinerlei Gew\u00e4hr hinsichtlich der inhaltlichen Richtigkeit, Genauigkeit, Aktualit\u00e4t, Zuverl\u00e4ssigkeit und Vollst\u00e4ndigkeit der Informationen. Haftungsanspr\u00fcche gegen den Autor wegen [&hellip;]<\/p>\n","protected":false},"author":1,"featured_media":0,"parent":0,"menu_order":0,"comment_status":"closed","ping_status":"closed","template":"elementor_theme","meta":{"_acf_changed":false,"footnotes":""},"class_list":["post-2433","page","type-page","status-publish","hentry"],"acf":[],"_links":{"self":[{"href":"https:\/\/www.peakpunk.com\/en\/wp-json\/wp\/v2\/pages\/2433","targetHints":{"allow":["GET"]}}],"collection":[{"href":"https:\/\/www.peakpunk.com\/en\/wp-json\/wp\/v2\/pages"}],"about":[{"href":"https:\/\/www.peakpunk.com\/en\/wp-json\/wp\/v2\/types\/page"}],"author":[{"embeddable":true,"href":"https:\/\/www.peakpunk.com\/en\/wp-json\/wp\/v2\/users\/1"}],"replies":[{"embeddable":true,"href":"https:\/\/www.peakpunk.com\/en\/wp-json\/wp\/v2\/comments?post=2433"}],"version-history":[{"count":0,"href":"https:\/\/www.peakpunk.com\/en\/wp-json\/wp\/v2\/pages\/2433\/revisions"}],"wp:attachment":[{"href":"https:\/\/www.peakpunk.com\/en\/wp-json\/wp\/v2\/media?parent=2433"}],"curies":[{"name":"wp","href":"https:\/\/api.w.org\/{rel}","templated":true}]}}